{"id":87,"date":"2021-03-08T15:48:13","date_gmt":"2021-03-08T15:48:13","guid":{"rendered":"http:\/\/vakcinautlevel.eu\/?page_id=87"},"modified":"2021-09-13T07:12:10","modified_gmt":"2021-09-13T07:12:10","slug":"tamogatoink","status":"publish","type":"page","link":"https:\/\/vakcinautlevel.eu\/?page_id=87","title":{"rendered":"Szerz\u0151ink"},"content":{"rendered":"\n<h2 class=\"has-text-align-left wp-block-heading\"><\/h2>\n\n\n\n<div class=\"wp-block-media-text alignwide is-stacked-on-mobile is-vertically-aligned-top\"><figure class=\"wp-block-media-text__media\"><img loading=\"lazy\" decoding=\"async\" width=\"788\" height=\"787\" src=\"http:\/\/vakcinautlevel.eu\/wp-content\/uploads\/2021\/03\/164841173_525033898486425_3087596311754437330_n.png\" alt=\"Dr. T\u00f3th Csaba\" class=\"wp-image-136 size-full\" srcset=\"https:\/\/vakcinautlevel.eu\/wp-content\/uploads\/2021\/03\/164841173_525033898486425_3087596311754437330_n.png 788w, https:\/\/vakcinautlevel.eu\/wp-content\/uploads\/2021\/03\/164841173_525033898486425_3087596311754437330_n-150x150.png 150w, https:\/\/vakcinautlevel.eu\/wp-content\/uploads\/2021\/03\/164841173_525033898486425_3087596311754437330_n-768x767.png 768w\" sizes=\"auto, (max-width: 788px) 100vw, 788px\" \/><\/figure><div class=\"wp-block-media-text__content\">\n<p class=\"has-larger-font-size\"><strong><a rel=\"noreferrer noopener\" href=\"https:\/\/paleomedicina.com\/hu\/dr-toth-csaba\" target=\"_blank\">Dr. T\u00f3th Csaba<\/a><\/strong><\/p>\n\n\n\n<p>Ez a v\u00edrus, annak vari\u00e1nsai, ahogy m\u00e1r hivatalos k\u00f6r\u00f6kben mondj\u00e1k folyamatosan vel\u00fcnk lesz. Enn\u00e9l egy fokkal nyugtalan\u00edt\u00f3bb lehet, hogy sok olyan v\u00edrus l\u00e9tezik k\u00f6r\u00fcl\u00f6tt\u00fcnk, amely hasonl\u00f3 neh\u00e9z \u00e9s riaszt\u00f3 helyzetet tud teremteni. A tudom\u00e1ny \u00e9s a biol\u00f3gia t\u00f6rv\u00e9nyszer\u0171s\u00e9geib\u0151l tudhat\u00f3, hogy nem a v\u00edrus v\u00e1ltozott meg a kor\u00e1bbihoz k\u00e9pest, hanem az emberek immunrendszere gyeng\u00fclt le olyan m\u00e9rt\u00e9kben, ami a ma jellemz\u0151 helyzetet el\u0151id\u00e9zi. Ezt a probl\u00e9m\u00e1t a vakcin\u00e1k nem oldj\u00e1k meg. Pontosabban csak tol\u00f3dik a val\u00f3di k\u00e9rd\u00e9sek megv\u00e1laszol\u00e1sa. Csak kit\u00e9telekkel igaz, hogy a j\u00e1rv\u00e1nyokat, k\u00f6zt\u00fck a mostani covid-19 j\u00e1rv\u00e1nyt, csak a vakcin\u00e1kkal tudjuk megoldani. A v\u00edrus eg\u00e9szs\u00e9ges emberekre nem jelent vesz\u00e9lyt. A kock\u00e1zatot a kr\u00f3nikus belgy\u00f3gy\u00e1szati betegs\u00e9gek jelentik. <strong>Ez\u00e9rt azt a k\u00e9rd\u00e9st kell s\u00fcrg\u0151sen megv\u00e1laszolnia az orvost\u00e1rsadalomnak Magyarorsz\u00e1gon, hogy mi\u00e9rt van ilyen sok <a href=\"https:\/\/www.paleomedicina.com\/hu\/paleo_ketogen_etrend_hatekonysaga-alkalmazhatosaga\" target=\"_blank\" rel=\"noreferrer noopener\">kr\u00f3nikus beteg<\/a>.<\/strong> Ha ezt a k\u00e9rd\u00e9st siker\u00fcl megv\u00e1laszolni, akkor fell\u00e9legezhet\u00fcnk. Addig akkor sem, ha mindenki kap vakcin\u00e1t.<\/p>\n\n\n\n<p>A jelenlegi helyzetben, a vakcina\u00fatlev\u00e9l \u00e9s b\u00e1rmilyen t\u00edpus\u00fa igazol\u00e1s, csak a probl\u00e9ma elm\u00e9ly\u00fcl\u00e9s\u00e9t hozza mag\u00e1val. Orvosk\u00e9nt az is meggy\u0151z\u0151d\u00e9sem, hogy betegs\u00e9g\u00e9r\u0151l \u00e9s annak kock\u00e1zatair\u00f3l mindenkinek saj\u00e1t mag\u00e1nak kell hat\u00e1roznia. Az \u00e1llam e felett semmilyen kirekeszt\u0151 jogot nem gyakorolhat. Erre a ny\u00e1jimmunit\u00e1s kialak\u00edt\u00e1sa, mint nemzeti t\u00f6rekv\u00e9s sem lehet jogi alap. Az egy\u00e9n joga saj\u00e1t \u00e9letvitel\u00e9nek \u00e9s az ezzel j\u00e1r\u00f3 kock\u00e1zatok visel\u00e9s\u00e9nek, nem csorbulhat.<\/p>\n\n\n\n<p><strong>Az eg\u00e9szs\u00e9ges emberek jogait nem lehet korl\u00e1tozni a beteg emberek jogai \u00e9rdek\u00e9ben. \u00dagy is fogalmazhatn\u00e9k, hogy az orvost\u00e1rsadalom felel\u0151ss\u00e9g\u00e9t, mely a kr\u00f3nikus betegs\u00e9gek kezel\u00e9s\u00e9nek el\u00e9gtelens\u00e9g\u00e9b\u0151l ad\u00f3dik, nem lehet \u00e1th\u00e1r\u00edtani az <a href=\"https:\/\/paleomedicina.com\/hu\/paleoketogen-etrend\/\" target=\"_blank\" rel=\"noreferrer noopener\">eg\u00e9szs\u00e9ges emberek<\/a>re. A vakcina \u00fatlev\u00e9l \u00e9s b\u00e1rmilyen igazol\u00e1s ezt jelenten\u00e9.<\/strong><\/p>\n<\/div><\/div>\n\n\n\n<div class=\"wp-block-media-text alignwide is-stacked-on-mobile is-vertically-aligned-top\"><figure class=\"wp-block-media-text__media\"><img loading=\"lazy\" decoding=\"async\" width=\"375\" height=\"563\" src=\"http:\/\/vakcinautlevel.eu\/wp-content\/uploads\/2021\/03\/375px-Dr._Kulcsar_Zoltan1.jpg\" alt=\"\" class=\"wp-image-129 size-full\"\/><\/figure><div class=\"wp-block-media-text__content\">\n<p class=\"has-larger-font-size\"><strong><a href=\"https:\/\/hu.wikipedia.org\/wiki\/Kulcs%C3%A1r_Zolt%C3%A1n\" target=\"_blank\" rel=\"noreferrer noopener\">Dr. Kulcs\u00e1r Zolt\u00e1n LL. M.<\/a><\/strong><\/p>\n\n\n\n<p>Az eur\u00f3pai adatv\u00e9delmi jogi gyakorlat szerint egy s\u00fcti kezel\u00e9s\u00e9hez vagy h\u00edrlev\u00e9l feliratkoz\u00e1s\u00e1hoz adott hozz\u00e1j\u00e1rul\u00e1st nem lehet \u00f6nk\u00e9ntesnek tekinteni, ha egy\u00e9bk\u00e9nt, a hozz\u00e1j\u00e1rul\u00e1s megad\u00e1sa n\u00e9lk\u00fcl a kapcsol\u00f3d\u00f3 szolg\u00e1ltat\u00e1s ig\u00e9nybev\u00e9tel\u00e9t a szolg\u00e1ltat\u00f3, az adatkezel\u0151 nem biztos\u00edtja.<\/p>\n\n\n\n<p>Az Eur\u00f3pai Adatv\u00e9delmi Test\u00fclet <a rel=\"noreferrer noopener\" href=\"https:\/\/edpb.europa.eu\/sites\/edpb\/files\/files\/file1\/edpb_guidelines_202005_consent_en.pdf\" target=\"_blank\">v\u00e9lem\u00e9nye<\/a> szerint az \u00fan. s\u00fcti fal alkalmaz\u00e1sa nem tekinthet\u0151 t\u00e9nyleges, szabad, az \u00e9rintett \u00f6nk\u00e9ntes elhat\u00e1roz\u00e1s\u00e1n alapul\u00f3 hozz\u00e1j\u00e1rul\u00e1snak. A s\u00fcti fal ugyanis nem engedi a honlap l\u00e1togat\u00f3j\u00e1t, hogy hozz\u00e1f\u00e9rjen a tartalomhoz, am\u00edg nem j\u00e1rul hozz\u00e1 a s\u00fctik kezel\u00e9s\u00e9hez. A kik\u00e9nyszer\u00edtett hozz\u00e1j\u00e1rul\u00e1s nem felel meg a <a rel=\"noreferrer noopener\" href=\"https:\/\/www.adatvedelmirendelet.hu\/a-rendelet-szovege\/\" target=\"_blank\">GDPR<\/a> k\u00f6vetelm\u00e9nyeinek, \u00edgy az adatkezel\u00e9s jogellenes.<\/p>\n\n\n\n<p>Az elm\u00falt egy \u00e9vben a Covid-helyzetre val\u00f3 tekintettel sokan (k\u00f6zt\u00fck adatv\u00e9delmi hat\u00f3s\u00e1gok is) mintha megfeledkeztek volna r\u00f3la, hogy az eg\u00e9szs\u00e9ghez val\u00f3 jogon k\u00edv\u00fcl a polg\u00e1rokat tov\u00e1bbra is megilleti a szem\u00e9lyes adatok v\u00e9delm\u00e9hez val\u00f3 jog. Sem az Alapt\u00f6rv\u00e9ny, sem a GDPR nem lett hat\u00e1lyon k\u00edv\u00fcl helyezve. S\u0151t, \u00e9pp ma, rendk\u00edv\u00fcli helyzetben van igaz\u00e1n jelent\u0151s\u00e9ge annak, hogy a term\u00e9szetes szem\u00e9lyeket v\u00e9d\u0151 szab\u00e1lyokat alkalmazzuk. K\u00fcl\u00f6n\u00f6sen a munkaad\u00f3k k\u00f6r\u00e9ben l\u00e1tjuk azt, hogy az elm\u00falt egy \u00e9vben a munkajogi \u00e9s adatv\u00e9delmi szab\u00e1lyokra fittyet h\u00e1nyva, eg\u00e9szs\u00e9g\u00fcgyi adatok t\u00f6mkeleg\u00e9t kezdt\u00e9k el kezelni, \u00e9s a vakcina \u00fatlev\u00e9l elgondol\u00e1s\u00e1val p\u00e1rhuzamosan tov\u00e1bbi terveket sz\u00f6v\u00f6getnek.<\/p>\n\n\n\n<p>Sem v\u00edrus tagad\u00f3k, sem chamtrail h\u00edv\u0151k, sem <a rel=\"noreferrer noopener\" href=\"https:\/\/www.facebook.com\/balatonnapersze\/\" target=\"_blank\">Balaton-tagad\u00f3k<\/a> nem vagyunk. Nem mondjuk azt sem, hogy nincs helye a v\u00e9d\u0151olt\u00e1snak a v\u00e9dekez\u00e9s eszk\u00f6zt\u00e1r\u00e1ban. Azonban gondolni kell azokra is, akik m\u00e1sk\u00e9nt k\u00edv\u00e1nnak v\u00e9dekezni a v\u00edrus ellen vagy k\u00fcl\u00f6nf\u00e9le okokb\u00f3l nem adatj\u00e1k be a v\u00e9d\u0151olt\u00e1st, m\u00e9gis szeretn\u00e9nek munk\u00e1t v\u00e1llalni, \u00e9tterembe, sz\u00ednh\u00e1zba j\u00e1rni vagy utazni&#8230;<\/p>\n<\/div><\/div>\n\n\n\n<p class=\"has-drop-cap\">A csapatnak akt\u00edv tagja tov\u00e1bbi h\u00e1rom jog\u00e1sz, akik az adatv\u00e9delem \u00e9s a munkajog ter\u00fclet\u00e9n gazdas\u00e1gi szerepl\u0151k \u00e9s a k\u00f6zszf\u00e9ra k\u00f6tel\u00e9k\u00e9ben fejtik ki tev\u00e9kenys\u00e9g\u00fcket.<\/p>\n","protected":false},"excerpt":{"rendered":"<p>Dr. T\u00f3th Csaba Ez a v\u00edrus, annak vari\u00e1nsai, ahogy m\u00e1r hivatalos k\u00f6r\u00f6kben mondj\u00e1k folyamatosan vel\u00fcnk lesz. Enn\u00e9l egy fokkal nyugtalan\u00edt\u00f3bb lehet, hogy sok olyan v\u00edrus l\u00e9tezik k\u00f6r\u00fcl\u00f6tt\u00fcnk, amely hasonl\u00f3 neh\u00e9z \u00e9s riaszt\u00f3 helyzetet tud teremteni. A tudom\u00e1ny \u00e9s a biol\u00f3gia t\u00f6rv\u00e9nyszer\u0171s\u00e9geib\u0151l tudhat\u00f3, hogy nem a v\u00edrus v\u00e1ltozott meg a kor\u00e1bbihoz k\u00e9pest, hanem az emberek immunrendszere&hellip;<\/p>\n","protected":false},"author":2,"featured_media":0,"parent":0,"menu_order":0,"comment_status":"closed","ping_status":"closed","template":"","meta":{"footnotes":""},"class_list":["post-87","page","type-page","status-publish","hentry"],"_links":{"self":[{"href":"https:\/\/vakcinautlevel.eu\/index.php?rest_route=\/wp\/v2\/pages\/87","targetHints":{"allow":["GET"]}}],"collection":[{"href":"https:\/\/vakcinautlevel.eu\/index.php?rest_route=\/wp\/v2\/pages"}],"about":[{"href":"https:\/\/vakcinautlevel.eu\/index.php?rest_route=\/wp\/v2\/types\/page"}],"author":[{"embeddable":true,"href":"https:\/\/vakcinautlevel.eu\/index.php?rest_route=\/wp\/v2\/users\/2"}],"replies":[{"embeddable":true,"href":"https:\/\/vakcinautlevel.eu\/index.php?rest_route=%2Fwp%2Fv2%2Fcomments&post=87"}],"version-history":[{"count":7,"href":"https:\/\/vakcinautlevel.eu\/index.php?rest_route=\/wp\/v2\/pages\/87\/revisions"}],"predecessor-version":[{"id":226,"href":"https:\/\/vakcinautlevel.eu\/index.php?rest_route=\/wp\/v2\/pages\/87\/revisions\/226"}],"wp:attachment":[{"href":"https:\/\/vakcinautlevel.eu\/index.php?rest_route=%2Fwp%2Fv2%2Fmedia&parent=87"}],"curies":[{"name":"wp","href":"https:\/\/api.w.org\/{rel}","templated":true}]}}